{"id":996,"date":"2016-04-20T11:13:36","date_gmt":"2016-04-20T11:13:36","guid":{"rendered":"http:\/\/esaturdmc.com\/fr\/contacto\/"},"modified":"2021-06-03T11:39:15","modified_gmt":"2021-06-03T10:39:15","slug":"contact","status":"publish","type":"page","link":"https:\/\/esaturdmc.com\/fr\/contact\/","title":{"rendered":"Contact"},"content":{"rendered":"<p>[vc_row row_id=\u00a0\u00bb\u00a0\u00bb row_layout=\u00a0\u00bbfalse\u00a0\u00bb type=\u00a0\u00bb\u00a0\u00bb bg_color=\u00a0\u00bb\u00a0\u00bb bg_type=\u00a0\u00bb\u00a0\u00bb overlay_pattern=\u00a0\u00bb\u00a0\u00bb no_with_border=\u00a0\u00bb\u00a0\u00bb padding_top=\u00a0\u00bb\u00a0\u00bb padding_bottom=\u00a0\u00bb\u00a0\u00bb margin_top=\u00a0\u00bb\u00a0\u00bb margin_bottom=\u00a0\u00bb\u00a0\u00bb css_animation=\u00a0\u00bb\u00a0\u00bb][vc_column bg_color=\u00a0\u00bb\u00a0\u00bb bg_position=\u00a0\u00bb50% 0&Prime; bg_repeat=\u00a0\u00bbno-repeat\u00a0\u00bb bg_cover=\u00a0\u00bbfalse\u00a0\u00bb padding_top=\u00a0\u00bb\u00a0\u00bb padding_bottom=\u00a0\u00bb\u00a0\u00bb margin_top=\u00a0\u00bb\u00a0\u00bb margin_bottom=\u00a0\u00bb\u00a0\u00bb css_animation=\u00a0\u00bb\u00a0\u00bb width=\u00a0\u00bb2\/3&Prime; bg_image=\u00a0\u00bb\u00a0\u00bb el_class=\u00a0\u00bb\u00a0\u00bb][vc_custom_heading text=\u00a0\u00bbCONTACTEZ-NOUS<br \/>\n\u00a0\u00bb font_container=\u00a0\u00bbtag:h2|font_size:24|text_align:left|color:%23333333&Prime; google_fonts=\u00a0\u00bbfont_family:Montserrat%3Aregular%2C700|font_style:400%20regular%3A400%3Anormal\u00a0\u00bb][vc_column_text css_animation=\u00a0\u00bb\u00a0\u00bb el_class=\u00a0\u00bbform\u00a0\u00bb]Si vous voulez que nous vous organisions un \u00e9v\u00e8nement sur mesure, si vous d\u00e9sirez profiter d&rsquo;un de nos services DMC ou simplement nous saluer, n&rsquo;h\u00e9sitez pas \u00e0 nous contacter.[\/vc_column_text]<div class=\"gap\" style=\"line-height: 40px; height: 40px;\"><\/div>\n<div class=\"wpcf7 no-js\" id=\"wpcf7-f1003-o1\" lang=\"es-ES\" dir=\"ltr\">\n<div class=\"screen-reader-response\"><p role=\"status\" aria-live=\"polite\" aria-atomic=\"true\"><\/p> <ul><\/ul><\/div>\n<form action=\"\/fr\/wp-json\/wp\/v2\/pages\/996#wpcf7-f1003-o1\" method=\"post\" class=\"wpcf7-form init\" aria-label=\"Formulario de contacto\" novalidate=\"novalidate\" data-status=\"init\">\n<div style=\"display: none;\">\n<input type=\"hidden\" name=\"_wpcf7\" value=\"1003\" \/>\n<input type=\"hidden\" name=\"_wpcf7_version\" value=\"5.7.7\" \/>\n<input type=\"hidden\" name=\"_wpcf7_locale\" value=\"es_ES\" \/>\n<input type=\"hidden\" name=\"_wpcf7_unit_tag\" value=\"wpcf7-f1003-o1\" \/>\n<input type=\"hidden\" name=\"_wpcf7_container_post\" value=\"0\" \/>\n<input type=\"hidden\" name=\"_wpcf7_posted_data_hash\" value=\"\" \/>\n<input type=\"hidden\" name=\"_wpcf7_recaptcha_response\" value=\"\" \/>\n<\/div>\n<div class=\"form\">\n\t<p>Nom (Obligatoire)\n\t<\/p>\n\t<p><span class=\"wpcf7-form-control-wrap\" data-name=\"your-name\"><input size=\"40\" class=\"wpcf7-form-control wpcf7-text wpcf7-validates-as-required\" aria-required=\"true\" aria-invalid=\"false\" value=\"\" type=\"text\" name=\"your-name\" \/><\/span>\n\t<\/p>\n\t<p>Email (Obligatoire)\n\t<\/p>\n\t<p><span class=\"wpcf7-form-control-wrap\" data-name=\"your-email\"><input size=\"40\" class=\"wpcf7-form-control wpcf7-text wpcf7-email wpcf7-validates-as-required wpcf7-validates-as-email\" aria-required=\"true\" aria-invalid=\"false\" value=\"\" type=\"email\" name=\"your-email\" \/><\/span>\n\t<\/p>\n\t<p>Enterprise\n\t<\/p>\n\t<p><span class=\"wpcf7-form-control-wrap\" data-name=\"your-company\"><input size=\"40\" class=\"wpcf7-form-control wpcf7-text\" aria-invalid=\"false\" value=\"\" type=\"text\" name=\"your-company\" \/><\/span>\n\t<\/p>\n\t<p>Sujet\n\t<\/p>\n\t<p><span class=\"wpcf7-form-control-wrap\" data-name=\"your-subject\"><input size=\"40\" class=\"wpcf7-form-control wpcf7-text\" aria-invalid=\"false\" value=\"\" type=\"text\" name=\"your-subject\" \/><\/span>\n\t<\/p>\n\t<p>Message\n\t<\/p>\n\t<p><span class=\"wpcf7-form-control-wrap\" data-name=\"your-message\"><textarea cols=\"40\" rows=\"10\" class=\"wpcf7-form-control wpcf7-textarea\" aria-invalid=\"false\" name=\"your-message\"><\/textarea><\/span>\n\t<\/p>\n\t<p><span class=\"wpcf7-form-control-wrap\" data-name=\"AceptaPoliticaPrivacidad\"><span class=\"wpcf7-form-control wpcf7-checkbox wpcf7-validates-as-required\"><span class=\"wpcf7-list-item first last\"><input type=\"checkbox\" name=\"AceptaPoliticaPrivacidad[]\" value=\"J&#039;ai lu et accepte la politique de confidentialit\u00e9\" \/><span class=\"wpcf7-list-item-label\">J&#039;ai lu et accepte la politique de confidentialit\u00e9<\/span><\/span><\/span><\/span>\n\t<\/p>\n\t<p><span class=\"wpcf7-form-control-wrap kc_captcha\" data-name=\"kc_captcha\"><span class=\"wpcf7-form-control wpcf7-radio\"><span class=\"captcha-image\" ><span class=\"cf7ic_instructions\">Por favor, prueba que eres humano seleccionando el<span> bandera<\/span>.<\/span><label><input aria-label=\"1\" type=\"radio\" name=\"kc_captcha\" value=\"bot\" \/><svg aria-hidden=\"true\" role=\"img\" xmlns=\"http:\/\/www.w3.org\/2000\/svg\" viewBox=\"0 0 512 512\"><path fill=\"currentColor\" d=\"M500 168h-55l-8-21a127 127 0 00-120-83H195a127 127 0 00-120 83l-8 21H12c-8 0-14 8-11 16l8 24a12 12 0 0011 8h29a64 64 0 00-33 56v48c0 16 6 31 16 42v62c0 13 11 24 24 24h48c13 0 24-11 24-24v-40h256v40c0 13 11 24 24 24h48c13 0 24-11 24-24v-62c10-11 16-26 16-42v-48c0-24-13-45-33-56h29a12 12 0 0011-8l8-24c3-8-3-16-11-16zm-365 2c9-25 33-42 60-42h122c27 0 51 17 60 42l15 38H120l15-38zM88 328a32 32 0 010-64c18 0 48 30 48 48s-30 16-48 16zm336 0c-18 0-48 2-48-16s30-48 48-48 32 14 32 32-14 32-32 32z\"\/><\/svg><\/label><label><input aria-label=\"2\" type=\"radio\" name=\"kc_captcha\" value=\"kc_human\" \/><svg aria-hidden=\"true\" role=\"img\" xmlns=\"http:\/\/www.w3.org\/2000\/svg\" viewBox=\"0 0 512 512\"><path fill=\"currentColor\" d=\"M350 99c-54 0-98-35-166-35-25 0-47 4-68 12a56 56 0 004-24C118 24 95 1 66 0a56 56 0 00-34 102v386c0 13 11 24 24 24h16c13 0 24-11 24-24v-94c28-12 64-23 114-23 54 0 98 35 166 35 48 0 86-16 122-41 9-6 14-15 14-26V96c0-23-24-39-45-29-35 16-77 32-117 32z\"\/><\/svg><\/label><label><input aria-label=\"3\" type=\"radio\" name=\"kc_captcha\" value=\"bot\" \/><svg aria-hidden=\"true\" role=\"img\" xmlns=\"http:\/\/www.w3.org\/2000\/svg\" viewBox=\"0 0 640 512\"><path fill=\"currentColor\" d=\"M624 352h-16V244c0-13-5-25-14-34L494 110c-9-9-21-14-34-14h-44V48c0-26-21-48-48-48H48C22 0 0 22 0 48v320c0 27 22 48 48 48h16a96 96 0 00192 0h128a96 96 0 00192 0h48c9 0 16-7 16-16v-32c0-9-7-16-16-16zM160 464a48 48 0 110-96 48 48 0 010 96zm320 0a48 48 0 110-96 48 48 0 010 96zm80-208H416V144h44l100 100v12z\"\/><\/svg><\/label>\r\n    <\/span>\r\n    <span style=\"display:none\">\r\n        <input type=\"text\" name=\"kc_honeypot\">\r\n    <\/span><\/span><\/span><br \/>\n<span id=\"wpcf7-6a01d41757c17-wrapper\" class=\"wpcf7-form-control-wrap website-wrap\" style=\"display:none !important; visibility:hidden !important;\"><label for=\"wpcf7-6a01d41757c17-field\" class=\"hp-message\">Por favor, deja este campo vac\u00edo.<\/label><input id=\"wpcf7-6a01d41757c17-field\"  class=\"wpcf7-form-control wpcf7-text\" type=\"text\" name=\"website\" value=\"\" size=\"40\" tabindex=\"-1\" autocomplete=\"new-password\" \/><\/span>\n\t<\/p>\n\t<p><input class=\"wpcf7-form-control has-spinner wpcf7-submit\" type=\"submit\" value=\"Envoyer\" \/>\n\t<\/p>\n\t<p>Politique de confidentialit\u00e9. Les donn\u00e9es personnelles que vous fournissez en remplissant ce formulaire seront trait\u00e9es par Esatur XXI, S.L., en tant que responsable de ce site. Le but de la collecte et du traitement de vos donn\u00e9es est de r\u00e9pondre \u00e0 votre demande en vous envoyant des informations sur notre centre, des services et des ressources exclusives. La l\u00e9gitimation est faite avec le consentement de la partie int\u00e9ress\u00e9e. Aucune donn\u00e9e ne sera transf\u00e9r\u00e9e \u00e0 des tiers sauf obligation l\u00e9gale. Les donn\u00e9es seront situ\u00e9es sur les serveurs Hosteurope (GoDaddy Iberia S.L.U.). Vous pouvez exercer vos droits d'acc\u00e8s, de rectification, de limitation et de suppression en envoyant un courrier \u00e9lectronique \u00e0 l'adresse info@esatur.com. Vous pouvez consulter les informations compl\u00e9mentaires et d\u00e9taill\u00e9es relatives \u00e0 la protection des donn\u00e9es dans la notice l\u00e9gale de ce site.\n\t<\/p>\n<\/div><p style=\"display: none !important;\" class=\"akismet-fields-container\" data-prefix=\"_wpcf7_ak_\"><label>&#916;<textarea name=\"_wpcf7_ak_hp_textarea\" cols=\"45\" rows=\"8\" maxlength=\"100\"><\/textarea><\/label><input type=\"hidden\" id=\"ak_js_1\" name=\"_wpcf7_ak_js\" value=\"16\"\/><script>document.getElementById( \"ak_js_1\" ).setAttribute( \"value\", ( new Date() ).getTime() );<\/script><\/p><div class=\"wpcf7-response-output\" aria-hidden=\"true\"><\/div>\n<\/form>\n<\/div>\n[\/vc_column][vc_column bg_color=\u00a0\u00bb\u00a0\u00bb bg_position=\u00a0\u00bb50% 0&Prime; bg_repeat=\u00a0\u00bbno-repeat\u00a0\u00bb bg_cover=\u00a0\u00bbfalse\u00a0\u00bb padding_top=\u00a0\u00bb\u00a0\u00bb padding_bottom=\u00a0\u00bb\u00a0\u00bb margin_top=\u00a0\u00bb\u00a0\u00bb margin_bottom=\u00a0\u00bb\u00a0\u00bb css_animation=\u00a0\u00bb\u00a0\u00bb width=\u00a0\u00bb1\/3&Prime;]<div class=\"gap\" style=\"line-height: 40px; height: 40px;\"><\/div><div class=\"block-icon-area clearfix type4 default\"><div class=\"thumb-area-wrapper\"><div class=\"thumb-area\"><span class=\"brankic brankic-phone2\"><\/span><\/div><\/div><div class=\"text-detail\"><h3>T\u00c9L\u00c9PHONE<\/h3><div class=\"text\"><ul>\n<li>Jorge Rodr\u00edguez (CEO) \u00a0<img decoding=\"async\" loading=\"lazy\" class=\"alignnone wp-image-492\" src=\"http:\/\/esaturdmc.com\/wp-content\/uploads\/2016\/04\/ingles.png\" alt=\"ingles\" width=\"20\" height=\"20\" \/><br \/>\n<strong>+34 606 376 490<\/strong><\/li>\n<li>Kenza Morcillo <img decoding=\"async\" loading=\"lazy\" class=\"alignnone size-full wp-image-492\" src=\"http:\/\/esaturdmc.com\/wp-content\/uploads\/2016\/04\/ingles.png\" alt=\"ingles\" width=\"20\" height=\"20\" \/><br \/>\n<strong>+34 671 610 102<\/strong><\/li>\n<\/ul>\n<\/div><\/div><\/div><div class=\"block-icon-area clearfix type4 default\"><div class=\"thumb-area-wrapper\"><div class=\"thumb-area\"><span class=\"brankic brankic-envelope\"><\/span><\/div><\/div><div class=\"text-detail\"><h3 style=\"color:#333333\">EMAIL<\/h3><div class=\"text\"><ul>\n<li><strong><a href=\"mailto:jrodriguez@esatur.com\">jrodriguez@esatur.com<\/a><\/strong><\/li>\n<li><a href=\"mailto:eventos@esatur.com\"><strong>eventos@esatur.com<\/strong><\/a><\/li>\n<\/ul>\n<\/div><\/div><\/div><div class=\"block-icon-area clearfix type4 default\"><div class=\"thumb-area-wrapper\"><div class=\"thumb-area\"><span class=\"brankic brankic-location\"><\/span><\/div><\/div><div class=\"text-detail\"><h3>ADRESSE<\/h3><div class=\"text\"><ul>\n<li>Calle Arzobispo Loaces, 3, 03003 &#8211; Alicante, Espa\u00f1a.<\/li>\n<\/ul>\n<\/div><\/div><\/div>[\/vc_column][\/vc_row][vc_row row_id=\u00a0\u00bb\u00a0\u00bb row_layout=\u00a0\u00bbtrue\u00a0\u00bb type=\u00a0\u00bb\u00a0\u00bb bg_color=\u00a0\u00bb#ffffff\u00a0\u00bb bg_type=\u00a0\u00bb\u00a0\u00bb overlay_pattern=\u00a0\u00bb\u00a0\u00bb no_with_border=\u00a0\u00bbtrue\u00a0\u00bb padding_top=\u00a0\u00bb0&Prime; padding_bottom=\u00a0\u00bb0&Prime; margin_top=\u00a0\u00bb\u00a0\u00bb margin_bottom=\u00a0\u00bb\u00a0\u00bb css_animation=\u00a0\u00bb\u00a0\u00bb el_class=\u00a0\u00bbcontenedor-mapa\u00a0\u00bb][vc_column bg_color=\u00a0\u00bb\u00a0\u00bb bg_position=\u00a0\u00bb50% 0&Prime; bg_repeat=\u00a0\u00bbno-repeat\u00a0\u00bb bg_cover=\u00a0\u00bbfalse\u00a0\u00bb padding_top=\u00a0\u00bb\u00a0\u00bb padding_bottom=\u00a0\u00bb\u00a0\u00bb margin_top=\u00a0\u00bb\u00a0\u00bb margin_bottom=\u00a0\u00bb\u00a0\u00bb css_animation=\u00a0\u00bb\u00a0\u00bb width=\u00a0\u00bb1\/1&Prime; bg_image=\u00a0\u00bb\u00a0\u00bb el_class=\u00a0\u00bbno-padding\u00a0\u00bb][vc_raw_html]JTNDaWZyYW1lJTIwc3JjJTNEJTIyaHR0cHMlM0ElMkYlMkZ3d3cuZ29vZ2xlLmNvbSUyRm1hcHMlMkZlbWJlZCUzRnBiJTNEJTIxMW0xOCUyMTFtMTIlMjExbTMlMjExZDMxMjkuMzM5NjQ0NTIzNTA3JTIxMmQtMC40OTAyMTM2ODQ0ODM5NjQ1JTIxM2QzOC4zNDExMjAxODcxNDUyOSUyMTJtMyUyMTFmMCUyMTJmMCUyMTNmMCUyMTNtMiUyMTFpMTAyNCUyMTJpNzY4JTIxNGYxMy4xJTIxM20zJTIxMW0yJTIxMXMweGQ2MjM2NGY1MWU5M2JkMyUyNTNBMHg3MjQzZDYyMDczZTExZTg3JTIxMnNFc2F0dXIlMkJFdmVudG9zJTJCRE1DJTIxNWUwJTIxM20yJTIxMXNlcyUyMTJzZXMlMjE0djE0Nzk5ODc1OTgyMDUlMjIlMjB3aWR0aCUzRCUyMjEwMCUyNSUyMiUyMGhlaWdodCUzRCUyMjQ1MCUyMiUyMGZyYW1lYm9yZGVyJTNEJTIyMCUyMiUyMHN0eWxlJTNEJTIyYm9yZGVyJTNBMCUyMiUyMGFsbG93ZnVsbHNjcmVlbiUzRSUzQyUyRmlmcmFtZSUzRQ==[\/vc_raw_html][\/vc_column][\/vc_row]<\/p>\n","protected":false},"excerpt":{"rendered":"<p>[vc_row row_id=\u00a0\u00bb\u00a0\u00bb row_layout=\u00a0\u00bbfalse\u00a0\u00bb type=\u00a0\u00bb\u00a0\u00bb bg_color=\u00a0\u00bb\u00a0\u00bb bg_type=\u00a0\u00bb\u00a0\u00bb overlay_pattern=\u00a0\u00bb\u00a0\u00bb no_with_border=\u00a0\u00bb\u00a0\u00bb padding_top=\u00a0\u00bb\u00a0\u00bb padding_bottom=\u00a0\u00bb\u00a0\u00bb margin_top=\u00a0\u00bb\u00a0\u00bb margin_bottom=\u00a0\u00bb\u00a0\u00bb css_animation=\u00a0\u00bb\u00a0\u00bb][vc_column bg_color=\u00a0\u00bb\u00a0\u00bb bg_position=\u00a0\u00bb50% 0&Prime; bg_repeat=\u00a0\u00bbno-repeat\u00a0\u00bb bg_cover=\u00a0\u00bbfalse\u00a0\u00bb padding_top=\u00a0\u00bb\u00a0\u00bb padding_bottom=\u00a0\u00bb\u00a0\u00bb&#8230;<\/p>\n","protected":false},"author":1,"featured_media":0,"parent":0,"menu_order":0,"comment_status":"closed","ping_status":"closed","template":"","meta":[],"_links":{"self":[{"href":"https:\/\/esaturdmc.com\/fr\/wp-json\/wp\/v2\/pages\/996"}],"collection":[{"href":"https:\/\/esaturdmc.com\/fr\/wp-json\/wp\/v2\/pages"}],"about":[{"href":"https:\/\/esaturdmc.com\/fr\/wp-json\/wp\/v2\/types\/page"}],"author":[{"embeddable":true,"href":"https:\/\/esaturdmc.com\/fr\/wp-json\/wp\/v2\/users\/1"}],"replies":[{"embeddable":true,"href":"https:\/\/esaturdmc.com\/fr\/wp-json\/wp\/v2\/comments?post=996"}],"version-history":[{"count":11,"href":"https:\/\/esaturdmc.com\/fr\/wp-json\/wp\/v2\/pages\/996\/revisions"}],"predecessor-version":[{"id":1796,"href":"https:\/\/esaturdmc.com\/fr\/wp-json\/wp\/v2\/pages\/996\/revisions\/1796"}],"wp:attachment":[{"href":"https:\/\/esaturdmc.com\/fr\/wp-json\/wp\/v2\/media?parent=996"}],"curies":[{"name":"wp","href":"https:\/\/api.w.org\/{rel}","templated":true}]}}